{"id":916,"date":"2012-12-18T11:00:50","date_gmt":"2012-12-18T11:00:50","guid":{"rendered":"http:\/\/theme.crumina.net\/onetouch\/?page_id=916"},"modified":"2013-12-10T11:47:41","modified_gmt":"2013-12-10T11:47:41","slug":"serinfa","status":"publish","type":"page","link":"https:\/\/serinfal.com\/?page_id=916","title":{"rendered":"Serinfal"},"content":{"rendered":"<div class=\"row-fluid\">\n\t<div class=\"wpb_content_element span8 column_container\">\n\t\t<div class=\"wpb_wrapper\">\n\t\t\t \n\t\t<\/div> \n\t<\/div>  \n\t<div class=\"wpb_content_element span4 column_container\">\n\t\t<div class=\"wpb_wrapper\">\n\t\t\t <div class=\"row-fluid\">\n\t<div class=\"wpb_content_element span12 wpb_text_column\">\n\t\t<div class=\"wpb_wrapper\">\n\t\t\t\n<h2 style=\"text-align: left;\">Servicios destacados que ofrece Serinfal:<\/h2>\n<ul>\n<li style=\"text-align: left;\">Mantenimiento in situ y remoto:<\/li>\n<li style=\"text-align: left;\">Cableado de redes<\/li>\n<li style=\"text-align: left;\">Instalaci\u00f3n y configuaci\u00f3n de servidores<\/li>\n<li style=\"text-align: left;\">Virtualizaci\u00f3n de equipos<\/li>\n<li style=\"text-align: left;\">Adaptaci\u00f3n a la Ley de Protecci\u00f3n de Datos<\/li>\n<\/ul>\n\n\t\t<\/div> \n\t<\/div> <\/div> \n\t\t<\/div> \n\t<\/div> <\/div> <div class=\"row-fluid\">\n\t<div class=\"wpb_content_element span12 wpb_text_column\">\n\t\t<div class=\"wpb_wrapper\">\n\t\t\t\n<p>Serinfal Servicios Inform\u00e1ticos S.L<\/p>\n\n\t\t<\/div> \n\t<\/div> <\/div>\n","protected":false},"excerpt":{"rendered":"Servicios destacados que ofrece Serinfal: Mantenimiento in situ y remoto: Cableado de redes Instalaci\u00f3n y configuaci\u00f3n de servidores Virtualizaci\u00f3n de equipos Adaptaci\u00f3n a la Ley de Protecci\u00f3n de Datos Serinfal Servicios Inform\u00e1ticos S.L","protected":false},"author":1,"featured_media":0,"parent":0,"menu_order":0,"comment_status":"open","ping_status":"open","template":"","meta":[],"_links":{"self":[{"href":"https:\/\/serinfal.com\/index.php?rest_route=\/wp\/v2\/pages\/916"}],"collection":[{"href":"https:\/\/serinfal.com\/index.php?rest_route=\/wp\/v2\/pages"}],"about":[{"href":"https:\/\/serinfal.com\/index.php?rest_route=\/wp\/v2\/types\/page"}],"author":[{"embeddable":true,"href":"https:\/\/serinfal.com\/index.php?rest_route=\/wp\/v2\/users\/1"}],"replies":[{"embeddable":true,"href":"https:\/\/serinfal.com\/index.php?rest_route=%2Fwp%2Fv2%2Fcomments&post=916"}],"version-history":[{"count":24,"href":"https:\/\/serinfal.com\/index.php?rest_route=\/wp\/v2\/pages\/916\/revisions"}],"predecessor-version":[{"id":2711,"href":"https:\/\/serinfal.com\/index.php?rest_route=\/wp\/v2\/pages\/916\/revisions\/2711"}],"wp:attachment":[{"href":"https:\/\/serinfal.com\/index.php?rest_route=%2Fwp%2Fv2%2Fmedia&parent=916"}],"curies":[{"name":"wp","href":"https:\/\/api.w.org\/{rel}","templated":true}]}}