{"id":2907,"date":"2018-10-08T13:57:50","date_gmt":"2018-10-08T13:57:50","guid":{"rendered":"http:\/\/serinfal.com\/?page_id=2907"},"modified":"2018-10-08T14:02:39","modified_gmt":"2018-10-08T14:02:39","slug":"aviso-legal","status":"publish","type":"page","link":"https:\/\/serinfal.com\/?page_id=2907","title":{"rendered":"aviso legal"},"content":{"rendered":"<p>Pol\u00edtica de Privacidad SERINFAL SERVICIOS INFORM\u00c1TICOS SL<br \/>\nResponsable del Tratamiento: SERINFAL SERVICIOS INFORMATICOS SL<br \/>\nCIF: B01407469<br \/>\nDomicilio social: PORTAL DE GAMARRA 1A PLANTA 10 OFICINA 11 CP: 01013 DE<br \/>\nVITORIA &#8211; GASTEIZ<br \/>\nmail: info@serinfal.com<br \/>\nTelefono: 945 109 022<br \/>\nFinalidad sobre el tratamiento de datos personales<br \/>\nEn Serinfal Servicios Inform\u00e1ticos sl, tratamos la informaci\u00f3n que nos facilita con la finalidad<br \/>\nde gestionar la relaci\u00f3n contractual que nos une, gestionar el env\u00edo de la informaci\u00f3n que<br \/>\nnos solicita, facilitar a los interesados ofertas de nuestros servicios y\/o productos de su<br \/>\ninter\u00e9s, atender la solicitud de presupuestos y la gesti\u00f3n administrativa y comercial derivada<br \/>\nde la venta de nuestros productos.<br \/>\nConservaci\u00f3n de datos personales<br \/>\nSus datos, ser\u00e1n conservados el tiempo m\u00ednimo necesario para la correcta prestaci\u00f3n del<br \/>\nservicio ofrecido as\u00ed como para atender las responsabilidades que se pudieran derivar del<br \/>\nmismo y de cualquier otra exigencia legal.<br \/>\nLegitimaci\u00f3n para el tratamiento de sus datos<br \/>\nLa base legal para el tratamiento de sus datos personales puede ser la ejecuci\u00f3n de una<br \/>\nrelaci\u00f3n contractual potencial y\/o suscrita, el inter\u00e9s leg\u00edtimo, la habilitaci\u00f3n legal y\/o el<br \/>\nconsentimiento del propio interesado. Los datos que le solicitamos son adecuados,<br \/>\npertinentes y estrictamente necesarios.<br \/>\nComunicaci\u00f3n de datos<br \/>\nSERINFAL SERVICIOS INFORMATICOS SL, no comunicar\u00e1 sus datos a ning\u00fan tercero,<br \/>\nsalvo que se informe de ello expresamente o que exista obligaci\u00f3n legal.<br \/>\nDerechos sobre sus datos<br \/>\nLos derechos de protecci\u00f3n de datos de los que son titulares los interesados son:<br \/>\n\u2022 Derecho a solicitar el acceso a los datos personales relativos al interesado<br \/>\n\u2022 Derecho de rectificaci\u00f3n o supresi\u00f3n<br \/>\n\u2022 Derecho de oposici\u00f3n<br \/>\n\u2022 Derecho a solicitar la limitaci\u00f3n de su tratamiento<br \/>\n\u2022 Derecho a la portabilidad de los datos<br \/>\nLos titulares de los datos personales obtenidos, podr\u00e1n ejercer sus derechos de protecci\u00f3n<br \/>\nde datos personales dirigiendo una comunicaci\u00f3n por escrito al domicilio social de<br \/>\nSERINFAL SERVICIOS INFORMATICOS SL o en el mail lopd@serinfal.com, incluyendo en<br \/>\nambos casos fotocopia de su DNI u otro documento de identificaci\u00f3n equivalente.<br \/>\nUsted tiene la posibilidad y el derecho a retirar el consentimiento para cualquiera finalidad<br \/>\nespec\u00edfica otorgada en su momento, sin que ello afecte a la licitud del tratamiento basado<br \/>\nen el consentimiento previo a su retirada.<br \/>\nPodr\u00e1 interponer una queja ante la Agencia Espa\u00f1ola de Protecci\u00f3n de datos en la C\/<br \/>\nJorge Juan, n\u00ba 6 bajo 28001 de Madrid, cuando crea que se han podido vulnerar sus<br \/>\nderechos en protecci\u00f3n de datos.<br \/>\nSeguridad y actualizaci\u00f3n de sus datos personales<br \/>\nCon el objetivo de salvaguardar la seguridad de sus datos personales, le informamos que<br \/>\nSERINFAL SERVICIOS INFORMATICOS, SL, ha adoptado todas las medidas de \u00edndole<br \/>\nt\u00e9cnica y organizativa necesarias para garantizar la seguridad de los datos personales<br \/>\nsuministrados. Todo ello para evitar su alteraci\u00f3n, p\u00e9rdida, y\/o tratamientos o accesos no<br \/>\nautorizados, tal como exige la actual normativa.<br \/>\nConfidencialidad<br \/>\nSERINFAL SERVICIOS INFORMATICOS, SL, informa que sus datos ser\u00e1n tratados con el<br \/>\nm\u00e1ximo celo y confidencialidad por todo el personal que intervenga en cualquiera de las<br \/>\nfases del tratamiento. No cederemos ni comunicaremos a ning\u00fan tercero sus datos, excepto<br \/>\nen los casos legalmente previstos, o salvo que el interesado nos hubiera autorizado<br \/>\nexpresamente.<\/p>\n","protected":false},"excerpt":{"rendered":"<p>Pol\u00edtica de Privacidad SERINFAL SERVICIOS INFORM\u00c1TICOS SL Responsable del Tratamiento: SERINFAL SERVICIOS INFORMATICOS SL CIF: B01407469 Domicilio social: PORTAL DE GAMARRA 1A PLANTA 10 OFICINA 11 CP: 01013 DE VITORIA &#8211; GASTEIZ mail: info@serinfal.com Telefono: 945 109 022 Finalidad sobre el tratamiento de datos personales&hellip;  <a href=\"https:\/\/serinfal.com\/?page_id=2907\" title=\"Read aviso legal\">Read More&raquo;<\/a><\/p>\n","protected":false},"author":2,"featured_media":0,"parent":0,"menu_order":0,"comment_status":"closed","ping_status":"closed","template":"","meta":[],"_links":{"self":[{"href":"https:\/\/serinfal.com\/index.php?rest_route=\/wp\/v2\/pages\/2907"}],"collection":[{"href":"https:\/\/serinfal.com\/index.php?rest_route=\/wp\/v2\/pages"}],"about":[{"href":"https:\/\/serinfal.com\/index.php?rest_route=\/wp\/v2\/types\/page"}],"author":[{"embeddable":true,"href":"https:\/\/serinfal.com\/index.php?rest_route=\/wp\/v2\/users\/2"}],"replies":[{"embeddable":true,"href":"https:\/\/serinfal.com\/index.php?rest_route=%2Fwp%2Fv2%2Fcomments&post=2907"}],"version-history":[{"count":2,"href":"https:\/\/serinfal.com\/index.php?rest_route=\/wp\/v2\/pages\/2907\/revisions"}],"predecessor-version":[{"id":2909,"href":"https:\/\/serinfal.com\/index.php?rest_route=\/wp\/v2\/pages\/2907\/revisions\/2909"}],"wp:attachment":[{"href":"https:\/\/serinfal.com\/index.php?rest_route=%2Fwp%2Fv2%2Fmedia&parent=2907"}],"curies":[{"name":"wp","href":"https:\/\/api.w.org\/{rel}","templated":true}]}}