{"id":282,"date":"2012-12-11T08:53:28","date_gmt":"2012-12-11T08:53:28","guid":{"rendered":"http:\/\/theme.crumina.net\/onetouch\/?page_id=282"},"modified":"2016-11-15T13:12:32","modified_gmt":"2016-11-15T13:12:32","slug":"with-both-sidebar","status":"publish","type":"page","link":"https:\/\/serinfal.com\/?page_id=282","title":{"rendered":"Noticias desde Serinfal"},"content":{"rendered":"<p align=\"LEFT\">Cryptolocker, el troyano contra el que pelean en estos momentos las empresas de seguridad inform\u00e1tica,<\/p>\n<p align=\"LEFT\">encripta toda la informaci\u00f3n del ordenador afectado.<\/p>\n<p align=\"LEFT\">Se trata de un troyano que llega al usuario por correo electr\u00f3nico y contra el que, una vez descargado por<\/p>\n<p align=\"LEFT\">error, inercia o ignorancia, ya nada se puede hacer, aunque las diferentes compa\u00f1\u00edas trabajan para<\/p>\n<p align=\"LEFT\">encontrar la f\u00f3rmula de recuperar lo datos. Todos los archivos del ordenador, incluso de la red inform\u00e1tica<\/p>\n<p align=\"LEFT\">si es que est\u00e1 conectado a otros, quedan encriptados e inservibles. S\u00f3lo se pueden recuperar si se paga un<\/p>\n<p align=\"LEFT\">rescate a los ciberdelincuentes, en &#8216;bitcoins&#8217; -una moneda virtual-, aunque adem\u00e1s de ser ilegal hay pocas<\/p>\n<p align=\"LEFT\">garant\u00edas de conseguirlo.<\/p>\n<p align=\"LEFT\">La estafa se presenta en un simple correo electr\u00f3nico con un enlace que resulta ser el cebo que<\/p>\n<p align=\"LEFT\">desencadena un sinf\u00edn de desastrosas consecuencias. La primera y m\u00e1s nefasta es la encriptaci\u00f3n de la<\/p>\n<p align=\"LEFT\">informaci\u00f3n que contiene el ordenador y que puede extenderse a otros equipos conectados a la misma red.<\/p>\n<p align=\"LEFT\">La segunda, la exigencia de los estafadores del pago de una cantidad de dinero para devolver la<\/p>\n<p align=\"LEFT\">informaci\u00f3n perdida, con escasas garant\u00edas de conseguirlo. Y la tercera, tener que formatear el ordenador<\/p>\n<p align=\"LEFT\">para poder volver a utilizarlo, eso s\u00ed, con el disco duro rebosante de espacio disponible porque no ha<\/p>\n<p align=\"LEFT\">quedado nada de lo que hab\u00eda guardado.<\/p>\n<p align=\"LEFT\">Lo primero es &#8220;desconfiar si no se espera ning\u00fan paquete de correos o si el correo proviene de una persona<\/p>\n<p align=\"LEFT\">desconocida&#8221; ,no es un virus como tal, por lo que los antivirus no lo detectan.<\/p>\n<p align=\"LEFT\">Una segunda modalidad es recibir un correo con un enlace para hacer el seguimiento de un env\u00edo, muy<\/p>\n<p align=\"LEFT\">normal en compa\u00f1\u00edas de transportes y tambi\u00e9n en Correos. Sin embargo, al pinchar en el enlace que env\u00edan<\/p>\n<p align=\"LEFT\">no hay ning\u00fan seguimiento y &#8220;se ejecuta un programa que te encripta los ficheros&#8221;.<\/p>\n<p align=\"LEFT\">En el caso de que se haya &#8216;clickado&#8217; y se haya ca\u00eddo en la estafa, lo primero que aconsejan es &#8220;desenchufar<\/p>\n<p align=\"LEFT\">el equipo de la red corporativa&#8221; para que el troyano no act\u00fae en otros equipos conectados y, m\u00e1s tarde,<\/p>\n<p align=\"LEFT\">denunciarlo.<\/p>\n<p align=\"LEFT\">La soluci\u00f3n para restablecer los ficheros da\u00f1ados pasa por &#8220;recuperar la informaci\u00f3n de las copias de<\/p>\n<p align=\"LEFT\">seguridad&#8221;. Si no disponen de ellas, &#8220;los archivos encriptados se habr\u00e1n perdido&#8221; para siempre, porque<\/p>\n<p align=\"LEFT\">pagar al extorsionador, adem\u00e1s de ser delito, &#8220;no garantiza que se restablezcan los archivos&#8221;.<\/p>\n<p>&nbsp;<\/p>\n<p>&nbsp;<\/p>\n","protected":false},"excerpt":{"rendered":"<p>Some blog description<\/p>\n","protected":false},"author":1,"featured_media":0,"parent":0,"menu_order":0,"comment_status":"open","ping_status":"open","template":"","meta":[],"_links":{"self":[{"href":"https:\/\/serinfal.com\/index.php?rest_route=\/wp\/v2\/pages\/282"}],"collection":[{"href":"https:\/\/serinfal.com\/index.php?rest_route=\/wp\/v2\/pages"}],"about":[{"href":"https:\/\/serinfal.com\/index.php?rest_route=\/wp\/v2\/types\/page"}],"author":[{"embeddable":true,"href":"https:\/\/serinfal.com\/index.php?rest_route=\/wp\/v2\/users\/1"}],"replies":[{"embeddable":true,"href":"https:\/\/serinfal.com\/index.php?rest_route=%2Fwp%2Fv2%2Fcomments&post=282"}],"version-history":[{"count":7,"href":"https:\/\/serinfal.com\/index.php?rest_route=\/wp\/v2\/pages\/282\/revisions"}],"predecessor-version":[{"id":2895,"href":"https:\/\/serinfal.com\/index.php?rest_route=\/wp\/v2\/pages\/282\/revisions\/2895"}],"wp:attachment":[{"href":"https:\/\/serinfal.com\/index.php?rest_route=%2Fwp%2Fv2%2Fmedia&parent=282"}],"curies":[{"name":"wp","href":"https:\/\/api.w.org\/{rel}","templated":true}]}}