{"id":2745,"date":"2014-10-13T10:17:32","date_gmt":"2014-10-13T10:17:32","guid":{"rendered":"http:\/\/serinfal.com\/?page_id=2745"},"modified":"2016-04-27T08:51:19","modified_gmt":"2016-04-27T08:51:19","slug":"utilidades","status":"publish","type":"page","link":"https:\/\/serinfal.com\/?page_id=2745","title":{"rendered":"Utilidades"},"content":{"rendered":"<p>Aqu\u00ed encontrar\u00e1 algunos programas que facilitar\u00e1n la prestaci\u00f3n el servicio de asistencia remota de Serinfal. Descargue\u00a0<span style=\"text-decoration: underline;\">SOLO<\/span> aquel s\u00f3ftware que le indique nuestro t\u00e9cnico<\/p>\n<p><span style=\"color: #ff0000;\">\u00a0<\/span><\/p>\n<p><a href=\"http:\/\/get.teamviewer.com\/serinfal\"><span style=\"color: #3366ff;\"><code><span style=\"color: #3366ff;\"> TeamViewer<\/span><\/code><\/span><\/a>\u00a0acceso inmediato<\/p>\n<p><span style=\"color: #3366ff;\"><code><a href=\"\/soft\/Hamachi.msi\"><span style=\"color: #3366ff;\"> Software VPN<\/span><\/a><\/code><\/span><\/p>\n<p><span style=\"color: #3366ff;\"><code><a href=\"https:\/\/get.teamviewer.com\/t7n3h38\">Teamviewer<\/a> (host permanente)<\/code><\/span><\/p>\n","protected":false},"excerpt":{"rendered":"<p>Aqu\u00ed encontrar\u00e1 algunos programas que facilitar\u00e1n la prestaci\u00f3n el servicio de asistencia remota de Serinfal. Descargue\u00a0SOLO aquel s\u00f3ftware que le indique nuestro t\u00e9cnico \u00a0 TeamViewer\u00a0acceso inmediato Software VPN Teamviewer (host permanente)<\/p>\n","protected":false},"author":2,"featured_media":0,"parent":0,"menu_order":0,"comment_status":"open","ping_status":"open","template":"","meta":[],"_links":{"self":[{"href":"https:\/\/serinfal.com\/index.php?rest_route=\/wp\/v2\/pages\/2745"}],"collection":[{"href":"https:\/\/serinfal.com\/index.php?rest_route=\/wp\/v2\/pages"}],"about":[{"href":"https:\/\/serinfal.com\/index.php?rest_route=\/wp\/v2\/types\/page"}],"author":[{"embeddable":true,"href":"https:\/\/serinfal.com\/index.php?rest_route=\/wp\/v2\/users\/2"}],"replies":[{"embeddable":true,"href":"https:\/\/serinfal.com\/index.php?rest_route=%2Fwp%2Fv2%2Fcomments&post=2745"}],"version-history":[{"count":17,"href":"https:\/\/serinfal.com\/index.php?rest_route=\/wp\/v2\/pages\/2745\/revisions"}],"predecessor-version":[{"id":2860,"href":"https:\/\/serinfal.com\/index.php?rest_route=\/wp\/v2\/pages\/2745\/revisions\/2860"}],"wp:attachment":[{"href":"https:\/\/serinfal.com\/index.php?rest_route=%2Fwp%2Fv2%2Fmedia&parent=2745"}],"curies":[{"name":"wp","href":"https:\/\/api.w.org\/{rel}","templated":true}]}}