{"id":2428,"date":"2013-01-28T04:28:40","date_gmt":"2013-01-28T04:28:40","guid":{"rendered":"http:\/\/webmagicserver.es\/ser4\/?page_id=2428"},"modified":"2018-07-02T10:38:36","modified_gmt":"2018-07-02T10:38:36","slug":"adaptacion-a-la-ley-de-proteccion-de-datos","status":"publish","type":"page","link":"https:\/\/serinfal.com\/?page_id=2428","title":{"rendered":"Adaptaci\u00f3n a la RGPD"},"content":{"rendered":"<div class=\"row-fluid\">\n\t<div class=\"wpb_content_element span12 column_container\">\n\t\t<div class=\"wpb_wrapper\">\n\t\t\t <div class=\"row-fluid\">\n\t<div class=\"wpb_content_element span12 wpb_text_column\">\n\t\t<div class=\"wpb_wrapper\">\n\t\t\t\n<p>Le ofrecemos nuestros servicios para garantizar el cumplimiento de su empresa con la legalidad, evitando as\u00ed los riesgos de ser sancionados y pudiendo ofrecer una imagen de calidad.<\/p>\n<p>La Ley Org\u00e1nica de Protecci\u00f3n de Datos de Car\u00e1cter Personal 15\/1999 de 13 de diciembre (<strong>LOPD<\/strong>), tiene por objeto proteger y garantizar las libertades y los derechos fundamentales de las personas f\u00edsicas, su honor e intimidad personal y familiar.<\/p>\n<p>La\u00a0<strong>LOPD establece unas obligaciones\u00a0<\/strong>en relaci\u00f3n a la protecci\u00f3n de datos de car\u00e1cter personal contenidos en ficheros automatizados y no automatizados (en papel) que poseen empresas y administraciones p\u00fablicas, y que son tratados por \u00e9stas con diferentes finalidades; gesti\u00f3n de personal, proveedores, clientes, campa\u00f1as de marketing, etc.<\/p>\n\n\t\t<\/div> \n\t<\/div> <\/div> \n\t\t<\/div> \n\t<\/div> <\/div> <div class=\"alert wpb_content_element alert-error\"><div class=\"messagebox_text\">\n<p>Obligaciones b\u00e1sicas de las empresa<\/p>\n<\/div><\/div>\n <div class=\"row-fluid\">\n\t<div class=\"wpb_content_element span12 wpb_text_column\">\n\t\t<div class=\"wpb_wrapper\">\n\t\t\t\n<ul>\n<li><strong>Declarar los ficheros<\/strong> automatizados (inform\u00e1ticos) y no automatizados (enpapel) con datos de car\u00e1cter personal a la Agencia de Protecci\u00f3n de Datos<\/li>\n<li><strong>Legitimar los datos<\/strong> personales de que dispone mediante el cumplimiento de los prinicpios de la LOPD.<br \/>\nAsegurarse que los datos sean adecuados y veraces, obtenidos de manera l\u00edcita y de forma leg\u00edtima para que sean tratados conforme a la finalidad para la que fueron recabados<\/li>\n<li><strong>Proteger los ficheros<\/strong> automatizados y no automatizados parar preservar la confidencialidad, integridad y disponibilidad de los datos siguiendo lo establecido en el Reglamento de Seguridad.<br \/>\nLos datos de car\u00e1cter personal se clasifican en tres niveles atendiendo a su naturaleza y finalidad.<\/li>\n<\/ul>\n<p>&nbsp;<\/p>\n<p>&nbsp;<\/p>\n\n\t\t<\/div> \n\t<\/div> <\/div> <div class=\"alert wpb_content_element \"><div class=\"messagebox_text\">\n<p>Medidas de seguridad obligatorias<\/p>\n<\/div><\/div>\n <div class=\"row-fluid\">\n\t<div class=\"wpb_content_element span12 wpb_text_column\">\n\t\t<div class=\"wpb_wrapper\">\n\t\t\t\n<ul>\n<li>Documento de seguridad<\/li>\n<li>Definici\u00f3n del personal<\/li>\n<li>Registro de incidencias<\/li>\n<li>Identificaci\u00f3n y autenticaci\u00f3n de usuarios<\/li>\n<li>Control de accesos<\/li>\n<li>Gesti\u00f3n de soportes y documentos<\/li>\n<li>Mantenimiento de copias de seguridad y soportes inform\u00e1ticos<\/li>\n<li>Obligatoria copia de seguridad y privar acceso<\/li>\n<\/ul>\n<p>&nbsp;<\/p>\n<p>&nbsp;<\/p>\n\n\t\t<\/div> \n\t<\/div> <\/div> <div class=\"alert wpb_content_element alert-info\"><div class=\"messagebox_text\">\n<p>Lo que serinfal le ofrece<\/p>\n<\/div><\/div>\n <div class=\"row-fluid\">\n\t<div class=\"wpb_content_element span12 wpb_text_column\">\n\t\t<div class=\"wpb_wrapper\">\n\t\t\t\n<ul>\n<li>Relizar una auditor\u00eda interna y determinar el nivel de seguridad de su empresa<\/li>\n<li>Confeccionar la documentaci\u00f3n necesaria<\/li>\n<li>Implementar las medidas de seguridad inform\u00e1ticas obligatorias<\/li>\n<li>Incripci\u00f3n de ficheros<\/li>\n<li>Elaborar el documento de seguridad<\/li>\n<\/ul>\n<p>&nbsp;<\/p>\n\n\t\t<\/div> \n\t<\/div> <\/div> <div class=\"alert wpb_content_element alert-error\"><div class=\"messagebox_text\">\n<p>En caso de que os prestadores de servicios no cumplan las obligaciones que, tras a entrada en vigor les son exigibles, la ley prev\u00e9 igualmente sanciones que pueden llegar, dependiendo de la calificaci\u00f3n de la sanci\u00f3n hasta los 600.000 \u20ac<\/p>\n<\/div><\/div>\n\n","protected":false},"excerpt":{"rendered":"Le ofrecemos nuestros servicios para garantizar el cumplimiento de su empresa con la legalidad, evitando as\u00ed los riesgos de ser sancionados y pudiendo ofrecer una imagen de calidad. La Ley Org\u00e1nica de Protecci\u00f3n de Datos de Car\u00e1cter Personal 15\/1999 de 13 de diciembre (LOPD), tiene&hellip;  <a href=\"https:\/\/serinfal.com\/?page_id=2428\" title=\"Read Adaptaci\u00f3n a la RGPD\">Read More&raquo;<\/a>","protected":false},"author":1,"featured_media":0,"parent":0,"menu_order":0,"comment_status":"open","ping_status":"open","template":"","meta":[],"_links":{"self":[{"href":"https:\/\/serinfal.com\/index.php?rest_route=\/wp\/v2\/pages\/2428"}],"collection":[{"href":"https:\/\/serinfal.com\/index.php?rest_route=\/wp\/v2\/pages"}],"about":[{"href":"https:\/\/serinfal.com\/index.php?rest_route=\/wp\/v2\/types\/page"}],"author":[{"embeddable":true,"href":"https:\/\/serinfal.com\/index.php?rest_route=\/wp\/v2\/users\/1"}],"replies":[{"embeddable":true,"href":"https:\/\/serinfal.com\/index.php?rest_route=%2Fwp%2Fv2%2Fcomments&post=2428"}],"version-history":[{"count":8,"href":"https:\/\/serinfal.com\/index.php?rest_route=\/wp\/v2\/pages\/2428\/revisions"}],"predecessor-version":[{"id":2904,"href":"https:\/\/serinfal.com\/index.php?rest_route=\/wp\/v2\/pages\/2428\/revisions\/2904"}],"wp:attachment":[{"href":"https:\/\/serinfal.com\/index.php?rest_route=%2Fwp%2Fv2%2Fmedia&parent=2428"}],"curies":[{"name":"wp","href":"https:\/\/api.w.org\/{rel}","templated":true}]}}