{"id":2422,"date":"2013-01-28T04:16:19","date_gmt":"2013-01-28T04:16:19","guid":{"rendered":"http:\/\/webmagicserver.es\/ser4\/?page_id=2422"},"modified":"2013-01-28T04:21:32","modified_gmt":"2013-01-28T04:21:32","slug":"mantenimiento-in-situ","status":"publish","type":"page","link":"https:\/\/serinfal.com\/?page_id=2422","title":{"rendered":"Mantenimiento in situ"},"content":{"rendered":"<div class=\"row-fluid\">\n\t<div class=\"wpb_content_element span10 wpb_text_column\">\n\t\t<div class=\"wpb_wrapper\">\n\t\t\t\n<p>Tras estudiar el parque inform\u00e1tico de cada cliente, se le oferta por una cantidad mensual fija, estando incluidos\u00a0 todos los desplazamientos de personal t\u00e9cnico a sus instalaciones para resolver incidencias que pueda tener en el d\u00eda a d\u00eda, horas de asistencia, etc. Incluimos un servicio de backup diario garantizando, para as\u00ed poder recuperar la informaci\u00f3n en caso de p\u00e9rdida. \u00a0Para nuestros clientes m\u00e1s cr\u00edticos se ofrece tambi\u00e9n otra copia remota a nuestros servidores y si lo desean, copia externa y custodia de la misma.<\/p>\n<p>Reparamos cualquier incidencia en sus equipos posibilitando recuperar el equipo en las mismas condiciones que antes de tener el fallo, con ello el trabajador pierde muy poco tiempo de trabajo, siendo un servicio muy rentable y eficaz para la empresa.<\/p>\n<p>Ofrecemos tambi\u00e9n la posibilidad al cliente de que, en pocos minutos tras abrir la incidencia, se le pueda atender inmediatamente de forma remota, siempre con su consentimiento previo que posibilite la conexi\u00f3n a su equipo.<\/p>\n\n\t\t<\/div> \n\t<\/div>  \n\t<div class=\"wpb_content_element span2 column_container\">\n\t\t<div class=\"wpb_wrapper\">\n\t\t\t <div class=\"row-fluid\">\n\t<div class=\"wpb_content_element span12 wpb_text_column\">\n\t\t<div class=\"wpb_wrapper\">\n\t\t\t\n<h3><strong><span style=\"color: #99ccff;\">Otros Servicios:<\/span><\/strong><\/h3>\n<ul>\n<li>Cableado de redes<\/li>\n<li>Instalaci\u00f3n de servidores<\/li>\n<li>Virtualizaci\u00f3n de servidores<\/li>\n<li>Adaptaci\u00f3n a la ley de protecci\u00f3n de datos<\/li>\n<\/ul>\n\n\t\t<\/div> \n\t<\/div> <\/div> \n\t\t<\/div> \n\t<\/div> <\/div>\n","protected":false},"excerpt":{"rendered":"Tras estudiar el parque inform\u00e1tico de cada cliente, se le oferta por una cantidad mensual fija, estando incluidos\u00a0 todos los desplazamientos de personal t\u00e9cnico a sus instalaciones para resolver incidencias que pueda tener en el d\u00eda a d\u00eda, horas de asistencia, etc. Incluimos un servicio&hellip;  <a href=\"https:\/\/serinfal.com\/?page_id=2422\" title=\"Read Mantenimiento in situ\">Read More&raquo;<\/a>","protected":false},"author":1,"featured_media":0,"parent":0,"menu_order":0,"comment_status":"open","ping_status":"open","template":"","meta":[],"_links":{"self":[{"href":"https:\/\/serinfal.com\/index.php?rest_route=\/wp\/v2\/pages\/2422"}],"collection":[{"href":"https:\/\/serinfal.com\/index.php?rest_route=\/wp\/v2\/pages"}],"about":[{"href":"https:\/\/serinfal.com\/index.php?rest_route=\/wp\/v2\/types\/page"}],"author":[{"embeddable":true,"href":"https:\/\/serinfal.com\/index.php?rest_route=\/wp\/v2\/users\/1"}],"replies":[{"embeddable":true,"href":"https:\/\/serinfal.com\/index.php?rest_route=%2Fwp%2Fv2%2Fcomments&post=2422"}],"version-history":[{"count":4,"href":"https:\/\/serinfal.com\/index.php?rest_route=\/wp\/v2\/pages\/2422\/revisions"}],"predecessor-version":[{"id":2427,"href":"https:\/\/serinfal.com\/index.php?rest_route=\/wp\/v2\/pages\/2422\/revisions\/2427"}],"wp:attachment":[{"href":"https:\/\/serinfal.com\/index.php?rest_route=%2Fwp%2Fv2%2Fmedia&parent=2422"}],"curies":[{"name":"wp","href":"https:\/\/api.w.org\/{rel}","templated":true}]}}